{"id":7695,"date":"2021-02-14T14:52:49","date_gmt":"2021-02-14T12:52:49","guid":{"rendered":"http:\/\/www.bennunger-kc.de\/?page_id=7695"},"modified":"2021-02-15T13:34:08","modified_gmt":"2021-02-15T11:34:08","slug":"unsere-video-prunksitzung-2021","status":"publish","type":"page","link":"https:\/\/www.bennunger-kc.de\/?page_id=7695","title":{"rendered":"Unsere Video-Prunksitzung 2021"},"content":{"rendered":"\n<p>Ein ereignisreiches Jahr 2020 brachte nicht nur die Gesellschaft, sondern auch ganz besonders uns Karnevalisten dazu, neue Wege bei der Aus\u00fcbung unseres Brauchtums zu gehen. So entstand die Idee, eine Prunksitzung mal nicht auf dem Saal im Landgasthaus Meyer oder im Festzelt auszurichten, sondern digital &#8222;mit Abstand&#8220; als Video.<\/p>\n\n\n\n<p>Das Ergebnis k\u00f6nnt ihr euch hier ansehen. \u00dcber 90 Karnevalisten haben 161 Videobeitr\u00e4ge eingesendet, die zu unserer ersten &#8222;digitalen&#8220; Prunksitzung zusammengeschnitten wurden. Wir w\u00fcnschen euch nun viel Spa\u00df mit dem Video &#8230; Bennungen &#8211; Heidio!<\/p>\n\n\n\n<div class=\"is-layout-flow wp-block-group\"><div class=\"wp-block-group__inner-container\"><div class=\"aiovg-player-container\" style=\"max-width: 100%;\"><div class=\"aiovg-player aiovg-player-iframe\" style=\"padding-bottom: 56.25%;\" data-id=\"1\" data-src=\"https:\/\/www.bennunger-kc.de\/?page_id=7692&amp;aiovg_type=id&amp;aiovg_video=7695&amp;mp4=http%3A%2F%2Fwww.bennunger-kc.de%2Fwp-content%2Fuploads%2F2021%2F02%2FBKC_Prunksitzung_2021.mp4\"><iframe loading=\"lazy\" width=\"560\" height=\"315\" src=\"https:\/\/www.bennunger-kc.de\/?page_id=7692&amp;aiovg_type=id&amp;aiovg_video=7695&amp;mp4=http%3A%2F%2Fwww.bennunger-kc.de%2Fwp-content%2Fuploads%2F2021%2F02%2FBKC_Prunksitzung_2021.mp4\" frameborder=\"0\" scrolling=\"no\" allow=\"accelerometer; autoplay; encrypted-media; gyroscope; picture-in-picture\" webkitallowfullscreen mozallowfullscreen allowfullscreen><\/iframe><\/div><\/div><\/div><\/div>\n","protected":false},"excerpt":{"rendered":"<p>Ein ereignisreiches Jahr 2020 brachte nicht nur die Gesellschaft, sondern auch ganz besonders uns Karnevalisten dazu, neue Wege bei der Aus\u00fcbung unseres Brauchtums zu gehen. So entstand die Idee, eine Prunksitzung mal nicht auf dem Saal im Landgasthaus Meyer oder im Festzelt auszurichten, sondern digital &#8222;mit Abstand&#8220; als Video. Das Ergebnis k\u00f6nnt ihr euch hier &hellip; <\/p>\n<p class=\"link-more\"><a href=\"https:\/\/www.bennunger-kc.de\/?page_id=7695\" class=\"more-link\"><span class=\"screen-reader-text\">\u201eUnsere Video-Prunksitzung 2021\u201c<\/span> weiterlesen<\/a><\/p>\n","protected":false},"author":1,"featured_media":0,"parent":7,"menu_order":0,"comment_status":"closed","ping_status":"closed","template":"","meta":{"ngg_post_thumbnail":0},"yoast_head":"<!-- This site is optimized with the Yoast SEO plugin v19.14 - https:\/\/yoast.com\/wordpress\/plugins\/seo\/ -->\n<title>Unsere Video-Prunksitzung 2021 - Bennunger Karneval Club<\/title>\n<meta name=\"robots\" content=\"index, follow, max-snippet:-1, max-image-preview:large, max-video-preview:-1\" \/>\n<link rel=\"canonical\" href=\"https:\/\/www.bennunger-kc.de\/?page_id=7695\" \/>\n<meta property=\"og:locale\" content=\"de_DE\" \/>\n<meta property=\"og:type\" content=\"article\" \/>\n<meta property=\"og:title\" content=\"Unsere Video-Prunksitzung 2021 - Bennunger Karneval Club\" \/>\n<meta property=\"og:description\" content=\"Ein ereignisreiches Jahr 2020 brachte nicht nur die Gesellschaft, sondern auch ganz besonders uns Karnevalisten dazu, neue Wege bei der Aus\u00fcbung unseres Brauchtums zu gehen. So entstand die Idee, eine Prunksitzung mal nicht auf dem Saal im Landgasthaus Meyer oder im Festzelt auszurichten, sondern digital &#8222;mit Abstand&#8220; als Video. Das Ergebnis k\u00f6nnt ihr euch hier &hellip; \u201eUnsere Video-Prunksitzung 2021\u201c weiterlesen\" \/>\n<meta property=\"og:url\" content=\"https:\/\/www.bennunger-kc.de\/?page_id=7695\" \/>\n<meta property=\"og:site_name\" content=\"Bennunger Karneval Club\" \/>\n<meta property=\"article:modified_time\" content=\"2021-02-15T11:34:08+00:00\" \/>\n<script type=\"application\/ld+json\" class=\"yoast-schema-graph\">{\"@context\":\"https:\/\/schema.org\",\"@graph\":[{\"@type\":\"WebPage\",\"@id\":\"https:\/\/www.bennunger-kc.de\/?page_id=7695\",\"url\":\"https:\/\/www.bennunger-kc.de\/?page_id=7695\",\"name\":\"Unsere Video-Prunksitzung 2021 - Bennunger Karneval Club\",\"isPartOf\":{\"@id\":\"https:\/\/www.bennunger-kc.de\/#website\"},\"datePublished\":\"2021-02-14T12:52:49+00:00\",\"dateModified\":\"2021-02-15T11:34:08+00:00\",\"breadcrumb\":{\"@id\":\"https:\/\/www.bennunger-kc.de\/?page_id=7695#breadcrumb\"},\"inLanguage\":\"de\",\"potentialAction\":[{\"@type\":\"ReadAction\",\"target\":[\"https:\/\/www.bennunger-kc.de\/?page_id=7695\"]}]},{\"@type\":\"BreadcrumbList\",\"@id\":\"https:\/\/www.bennunger-kc.de\/?page_id=7695#breadcrumb\",\"itemListElement\":[{\"@type\":\"ListItem\",\"position\":1,\"name\":\"Home\",\"item\":\"https:\/\/www.bennunger-kc.de\/\"},{\"@type\":\"ListItem\",\"position\":2,\"name\":\"Verein\",\"item\":\"https:\/\/www.bennunger-kc.de\/?page_id=7\"},{\"@type\":\"ListItem\",\"position\":3,\"name\":\"Unsere Video-Prunksitzung 2021\"}]},{\"@type\":\"WebSite\",\"@id\":\"https:\/\/www.bennunger-kc.de\/#website\",\"url\":\"https:\/\/www.bennunger-kc.de\/\",\"name\":\"Bennunger Karneval Club\",\"description\":\"\",\"potentialAction\":[{\"@type\":\"SearchAction\",\"target\":{\"@type\":\"EntryPoint\",\"urlTemplate\":\"https:\/\/www.bennunger-kc.de\/?s={search_term_string}\"},\"query-input\":\"required name=search_term_string\"}],\"inLanguage\":\"de\"}]}<\/script>\n<!-- \/ Yoast SEO plugin. -->","yoast_head_json":{"title":"Unsere Video-Prunksitzung 2021 - Bennunger Karneval Club","robots":{"index":"index","follow":"follow","max-snippet":"max-snippet:-1","max-image-preview":"max-image-preview:large","max-video-preview":"max-video-preview:-1"},"canonical":"https:\/\/www.bennunger-kc.de\/?page_id=7695","og_locale":"de_DE","og_type":"article","og_title":"Unsere Video-Prunksitzung 2021 - Bennunger Karneval Club","og_description":"Ein ereignisreiches Jahr 2020 brachte nicht nur die Gesellschaft, sondern auch ganz besonders uns Karnevalisten dazu, neue Wege bei der Aus\u00fcbung unseres Brauchtums zu gehen. So entstand die Idee, eine Prunksitzung mal nicht auf dem Saal im Landgasthaus Meyer oder im Festzelt auszurichten, sondern digital &#8222;mit Abstand&#8220; als Video. Das Ergebnis k\u00f6nnt ihr euch hier &hellip; \u201eUnsere Video-Prunksitzung 2021\u201c weiterlesen","og_url":"https:\/\/www.bennunger-kc.de\/?page_id=7695","og_site_name":"Bennunger Karneval Club","article_modified_time":"2021-02-15T11:34:08+00:00","schema":{"@context":"https:\/\/schema.org","@graph":[{"@type":"WebPage","@id":"https:\/\/www.bennunger-kc.de\/?page_id=7695","url":"https:\/\/www.bennunger-kc.de\/?page_id=7695","name":"Unsere Video-Prunksitzung 2021 - Bennunger Karneval Club","isPartOf":{"@id":"https:\/\/www.bennunger-kc.de\/#website"},"datePublished":"2021-02-14T12:52:49+00:00","dateModified":"2021-02-15T11:34:08+00:00","breadcrumb":{"@id":"https:\/\/www.bennunger-kc.de\/?page_id=7695#breadcrumb"},"inLanguage":"de","potentialAction":[{"@type":"ReadAction","target":["https:\/\/www.bennunger-kc.de\/?page_id=7695"]}]},{"@type":"BreadcrumbList","@id":"https:\/\/www.bennunger-kc.de\/?page_id=7695#breadcrumb","itemListElement":[{"@type":"ListItem","position":1,"name":"Home","item":"https:\/\/www.bennunger-kc.de\/"},{"@type":"ListItem","position":2,"name":"Verein","item":"https:\/\/www.bennunger-kc.de\/?page_id=7"},{"@type":"ListItem","position":3,"name":"Unsere Video-Prunksitzung 2021"}]},{"@type":"WebSite","@id":"https:\/\/www.bennunger-kc.de\/#website","url":"https:\/\/www.bennunger-kc.de\/","name":"Bennunger Karneval Club","description":"","potentialAction":[{"@type":"SearchAction","target":{"@type":"EntryPoint","urlTemplate":"https:\/\/www.bennunger-kc.de\/?s={search_term_string}"},"query-input":"required name=search_term_string"}],"inLanguage":"de"}]}},"_links":{"self":[{"href":"https:\/\/www.bennunger-kc.de\/index.php?rest_route=\/wp\/v2\/pages\/7695"}],"collection":[{"href":"https:\/\/www.bennunger-kc.de\/index.php?rest_route=\/wp\/v2\/pages"}],"about":[{"href":"https:\/\/www.bennunger-kc.de\/index.php?rest_route=\/wp\/v2\/types\/page"}],"author":[{"embeddable":true,"href":"https:\/\/www.bennunger-kc.de\/index.php?rest_route=\/wp\/v2\/users\/1"}],"replies":[{"embeddable":true,"href":"https:\/\/www.bennunger-kc.de\/index.php?rest_route=%2Fwp%2Fv2%2Fcomments&post=7695"}],"version-history":[{"count":6,"href":"https:\/\/www.bennunger-kc.de\/index.php?rest_route=\/wp\/v2\/pages\/7695\/revisions"}],"predecessor-version":[{"id":7716,"href":"https:\/\/www.bennunger-kc.de\/index.php?rest_route=\/wp\/v2\/pages\/7695\/revisions\/7716"}],"up":[{"embeddable":true,"href":"https:\/\/www.bennunger-kc.de\/index.php?rest_route=\/wp\/v2\/pages\/7"}],"wp:attachment":[{"href":"https:\/\/www.bennunger-kc.de\/index.php?rest_route=%2Fwp%2Fv2%2Fmedia&parent=7695"}],"curies":[{"name":"wp","href":"https:\/\/api.w.org\/{rel}","templated":true}]}}