{"id":44,"date":"2014-05-02T10:48:39","date_gmt":"2014-05-02T08:48:39","guid":{"rendered":"http:\/\/54112759.swh.strato-hosting.eu\/?page_id=44"},"modified":"2023-11-12T17:32:58","modified_gmt":"2023-11-12T15:32:58","slug":"kartenbestellung","status":"publish","type":"page","link":"https:\/\/www.bennunger-kc.de\/?page_id=44","title":{"rendered":"Kartenbestellung"},"content":{"rendered":"\n<p>Aufmerksam geworden auf den Bennunger Karneval Club? Dann besuchen Sie doch eine unserer Veranstaltungen!<\/p>\n\n\n\n<p>F\u00fcr den Besuch unserer Veranstaltungen gelten unsere <a href=\"http:\/\/www.bennunger-kc.de\/bkc-intern\/BKC_Allg_Geschaeftsbedingungen.pdf\" target=\"_blank\" rel=\"noopener noreferrer\">allgemeinen Gesch\u00e4ftsbedingungen<\/a>. Die Einhaltung der Altersbeschr\u00e4nkungen wird nur am Einlass, nicht aber beim Kartenverkauf kontrolliert!<\/p>\n\n\n\n<p>Hier ist Ihr Draht zur Kartenreservierung f\u00fcr unsere Veranstaltungen in Bennungen:<\/p>\n\n\n\n<p><b>Friseursalon Karin Lammert<\/b><br>Breite Stra\u00dfe 136<br>06536 S\u00fcdharz OT Bennungen<br>Tel.: 034651\/32843<\/p>\n\n\n\n<p><strong>\u00d6ffnungszeiten:<\/strong><br>Dienstag &#8211; Freitag: 8:30 &#8211; 18:00 Uhr<\/p>\n\n\n\n<p><b>Die Kartenreservierung f\u00fcr die Veranstaltung in Ro\u00dfla:<\/b><br><b>Annett&#8217;s Reiseshop<\/b> | Rosspassage Ro\u00dfla<\/p>\n\n\n\n<h2><strong>Weitere Infos:<\/strong><\/h2>\n\n\n\n<p>Alle unsere Veranstaltungen finden in&nbsp;rauchfreier Umgebung statt. Das sorgt f\u00fcr angenehmes Ambiente, sei es auf dem heimischen Saal im Landgasthaus Meyer oder zu Ausw\u00e4rtsveranstaltungen. Alle Veranstaltungen im \u00dcberblick sind hier sp\u00e4testens ab dem 11.11. des jeweiligen Jahres zu finden.<\/p>\n\n\n\n<p><strong>ACHTUNG:<\/strong> Der Zutritt zu unseren Veranstaltungen ist nur gem\u00e4\u00df <a href=\"http:\/\/www.gesetze-im-internet.de\/juschg\" target=\"_blank\" rel=\"noopener noreferrer\">Jugendschutzgesetz<\/a> gestattet. Daher gilt f\u00fcr&nbsp;Kinder und Jugendliche bis zur Vollendung des 18. Lebensjahres folgende Einschr\u00e4nkung:<\/p>\n\n\n\n<p><em>Jugendlichen im Alter von 14&nbsp;bis 18 Jahren ist der Besuch unserer Veranstaltungen&nbsp;nur bis 24 Uhr gestattet. Kinder unter 14 Jahren d\u00fcrfen unsere Veranstaltungen nur bis 22 Uhr besuchen. Der Aufenthalt nach der jeweiligen Grenze&nbsp;ist nur in Begleitung und unter Aufsicht einer personensorgeberechtigten oder erziehungsbeauftragten Person gestattet. &nbsp;Siehe dazu \u00a75 Abs. 1 und 2 JuSchuG. Die Personensorgeberechtigung muss durch ein offizielles Formular nachgewiesen werden. Ein solches Formular finden Sie <a href=\"http:\/\/partyzettel.de\/muttizettel.pdf\" target=\"_blank\" rel=\"noopener noreferrer\">hier<\/a>.<\/em><\/p>\n\n\n\n<p>Die Einhaltung dieser Vorschriften wird beim Einlass zur&nbsp;Veranstaltung kontrolliert. Im Falle einer Zutrittsverweigerung erfolgt keine Erstattung des Eintrittspreises!<\/p>\n","protected":false},"excerpt":{"rendered":"<p>Aufmerksam geworden auf den Bennunger Karneval Club? Dann besuchen Sie doch eine unserer Veranstaltungen! F\u00fcr den Besuch unserer Veranstaltungen gelten unsere allgemeinen Gesch\u00e4ftsbedingungen. Die Einhaltung der Altersbeschr\u00e4nkungen wird nur am Einlass, nicht aber beim Kartenverkauf kontrolliert! Hier ist Ihr Draht zur Kartenreservierung f\u00fcr unsere Veranstaltungen in Bennungen: Friseursalon Karin LammertBreite Stra\u00dfe 13606536 S\u00fcdharz OT BennungenTel.: &hellip; <\/p>\n<p class=\"link-more\"><a href=\"https:\/\/www.bennunger-kc.de\/?page_id=44\" class=\"more-link\"><span class=\"screen-reader-text\">\u201eKartenbestellung\u201c<\/span> weiterlesen<\/a><\/p>\n","protected":false},"author":1,"featured_media":0,"parent":0,"menu_order":60,"comment_status":"open","ping_status":"open","template":"","meta":{"ngg_post_thumbnail":0},"yoast_head":"<!-- This site is optimized with the Yoast SEO plugin v19.14 - https:\/\/yoast.com\/wordpress\/plugins\/seo\/ -->\n<title>Kartenbestellung - Bennunger Karneval Club<\/title>\n<meta name=\"robots\" content=\"index, follow, max-snippet:-1, max-image-preview:large, max-video-preview:-1\" \/>\n<link rel=\"canonical\" href=\"https:\/\/www.bennunger-kc.de\/?page_id=44\" \/>\n<meta property=\"og:locale\" content=\"de_DE\" \/>\n<meta property=\"og:type\" content=\"article\" \/>\n<meta property=\"og:title\" content=\"Kartenbestellung - Bennunger Karneval Club\" \/>\n<meta property=\"og:description\" content=\"Aufmerksam geworden auf den Bennunger Karneval Club? Dann besuchen Sie doch eine unserer Veranstaltungen! F\u00fcr den Besuch unserer Veranstaltungen gelten unsere allgemeinen Gesch\u00e4ftsbedingungen. Die Einhaltung der Altersbeschr\u00e4nkungen wird nur am Einlass, nicht aber beim Kartenverkauf kontrolliert! Hier ist Ihr Draht zur Kartenreservierung f\u00fcr unsere Veranstaltungen in Bennungen: Friseursalon Karin LammertBreite Stra\u00dfe 13606536 S\u00fcdharz OT BennungenTel.: &hellip; \u201eKartenbestellung\u201c weiterlesen\" \/>\n<meta property=\"og:url\" content=\"https:\/\/www.bennunger-kc.de\/?page_id=44\" \/>\n<meta property=\"og:site_name\" content=\"Bennunger Karneval Club\" \/>\n<meta property=\"article:modified_time\" content=\"2023-11-12T15:32:58+00:00\" \/>\n<meta name=\"twitter:label1\" content=\"Gesch\u00e4tzte Lesezeit\" \/>\n\t<meta name=\"twitter:data1\" content=\"2\u00a0Minuten\" \/>\n<script type=\"application\/ld+json\" class=\"yoast-schema-graph\">{\"@context\":\"https:\/\/schema.org\",\"@graph\":[{\"@type\":\"WebPage\",\"@id\":\"https:\/\/www.bennunger-kc.de\/?page_id=44\",\"url\":\"https:\/\/www.bennunger-kc.de\/?page_id=44\",\"name\":\"Kartenbestellung - Bennunger Karneval Club\",\"isPartOf\":{\"@id\":\"https:\/\/www.bennunger-kc.de\/#website\"},\"datePublished\":\"2014-05-02T08:48:39+00:00\",\"dateModified\":\"2023-11-12T15:32:58+00:00\",\"breadcrumb\":{\"@id\":\"https:\/\/www.bennunger-kc.de\/?page_id=44#breadcrumb\"},\"inLanguage\":\"de\",\"potentialAction\":[{\"@type\":\"ReadAction\",\"target\":[\"https:\/\/www.bennunger-kc.de\/?page_id=44\"]}]},{\"@type\":\"BreadcrumbList\",\"@id\":\"https:\/\/www.bennunger-kc.de\/?page_id=44#breadcrumb\",\"itemListElement\":[{\"@type\":\"ListItem\",\"position\":1,\"name\":\"Home\",\"item\":\"https:\/\/www.bennunger-kc.de\/\"},{\"@type\":\"ListItem\",\"position\":2,\"name\":\"Kartenbestellung\"}]},{\"@type\":\"WebSite\",\"@id\":\"https:\/\/www.bennunger-kc.de\/#website\",\"url\":\"https:\/\/www.bennunger-kc.de\/\",\"name\":\"Bennunger Karneval Club\",\"description\":\"\",\"potentialAction\":[{\"@type\":\"SearchAction\",\"target\":{\"@type\":\"EntryPoint\",\"urlTemplate\":\"https:\/\/www.bennunger-kc.de\/?s={search_term_string}\"},\"query-input\":\"required name=search_term_string\"}],\"inLanguage\":\"de\"}]}<\/script>\n<!-- \/ Yoast SEO plugin. -->","yoast_head_json":{"title":"Kartenbestellung - Bennunger Karneval Club","robots":{"index":"index","follow":"follow","max-snippet":"max-snippet:-1","max-image-preview":"max-image-preview:large","max-video-preview":"max-video-preview:-1"},"canonical":"https:\/\/www.bennunger-kc.de\/?page_id=44","og_locale":"de_DE","og_type":"article","og_title":"Kartenbestellung - Bennunger Karneval Club","og_description":"Aufmerksam geworden auf den Bennunger Karneval Club? Dann besuchen Sie doch eine unserer Veranstaltungen! F\u00fcr den Besuch unserer Veranstaltungen gelten unsere allgemeinen Gesch\u00e4ftsbedingungen. Die Einhaltung der Altersbeschr\u00e4nkungen wird nur am Einlass, nicht aber beim Kartenverkauf kontrolliert! Hier ist Ihr Draht zur Kartenreservierung f\u00fcr unsere Veranstaltungen in Bennungen: Friseursalon Karin LammertBreite Stra\u00dfe 13606536 S\u00fcdharz OT BennungenTel.: &hellip; \u201eKartenbestellung\u201c weiterlesen","og_url":"https:\/\/www.bennunger-kc.de\/?page_id=44","og_site_name":"Bennunger Karneval Club","article_modified_time":"2023-11-12T15:32:58+00:00","twitter_misc":{"Gesch\u00e4tzte Lesezeit":"2\u00a0Minuten"},"schema":{"@context":"https:\/\/schema.org","@graph":[{"@type":"WebPage","@id":"https:\/\/www.bennunger-kc.de\/?page_id=44","url":"https:\/\/www.bennunger-kc.de\/?page_id=44","name":"Kartenbestellung - Bennunger Karneval Club","isPartOf":{"@id":"https:\/\/www.bennunger-kc.de\/#website"},"datePublished":"2014-05-02T08:48:39+00:00","dateModified":"2023-11-12T15:32:58+00:00","breadcrumb":{"@id":"https:\/\/www.bennunger-kc.de\/?page_id=44#breadcrumb"},"inLanguage":"de","potentialAction":[{"@type":"ReadAction","target":["https:\/\/www.bennunger-kc.de\/?page_id=44"]}]},{"@type":"BreadcrumbList","@id":"https:\/\/www.bennunger-kc.de\/?page_id=44#breadcrumb","itemListElement":[{"@type":"ListItem","position":1,"name":"Home","item":"https:\/\/www.bennunger-kc.de\/"},{"@type":"ListItem","position":2,"name":"Kartenbestellung"}]},{"@type":"WebSite","@id":"https:\/\/www.bennunger-kc.de\/#website","url":"https:\/\/www.bennunger-kc.de\/","name":"Bennunger Karneval Club","description":"","potentialAction":[{"@type":"SearchAction","target":{"@type":"EntryPoint","urlTemplate":"https:\/\/www.bennunger-kc.de\/?s={search_term_string}"},"query-input":"required name=search_term_string"}],"inLanguage":"de"}]}},"_links":{"self":[{"href":"https:\/\/www.bennunger-kc.de\/index.php?rest_route=\/wp\/v2\/pages\/44"}],"collection":[{"href":"https:\/\/www.bennunger-kc.de\/index.php?rest_route=\/wp\/v2\/pages"}],"about":[{"href":"https:\/\/www.bennunger-kc.de\/index.php?rest_route=\/wp\/v2\/types\/page"}],"author":[{"embeddable":true,"href":"https:\/\/www.bennunger-kc.de\/index.php?rest_route=\/wp\/v2\/users\/1"}],"replies":[{"embeddable":true,"href":"https:\/\/www.bennunger-kc.de\/index.php?rest_route=%2Fwp%2Fv2%2Fcomments&post=44"}],"version-history":[{"count":20,"href":"https:\/\/www.bennunger-kc.de\/index.php?rest_route=\/wp\/v2\/pages\/44\/revisions"}],"predecessor-version":[{"id":7805,"href":"https:\/\/www.bennunger-kc.de\/index.php?rest_route=\/wp\/v2\/pages\/44\/revisions\/7805"}],"wp:attachment":[{"href":"https:\/\/www.bennunger-kc.de\/index.php?rest_route=%2Fwp%2Fv2%2Fmedia&parent=44"}],"curies":[{"name":"wp","href":"https:\/\/api.w.org\/{rel}","templated":true}]}}